{"id":1470,"date":"2025-03-13T12:39:54","date_gmt":"2025-03-13T12:39:54","guid":{"rendered":"https:\/\/www.costa.bike\/?page_id=1470"},"modified":"2025-03-13T13:09:51","modified_gmt":"2025-03-13T13:09:51","slug":"aviso-legal","status":"publish","type":"page","link":"https:\/\/www.costa.bike\/en\/aviso-legal\/","title":{"rendered":"Aviso legal"},"content":{"rendered":"<h2 class=\"wp-block-heading\">INFORMACI\u00d3N LEGAL<\/h2>\n\n\n\n<p>En cumplimiento con el deber de informaci\u00f3n recogido en el art\u00edculo 10 de la Ley 34\/2002, de 11 de julio, de Servicios de la Sociedad de la Informaci\u00f3n y del Comercio Electr\u00f3nico, a continuaci\u00f3n se reflejan los siguientes datos:<\/p>\n\n\n\n<p>El titular del dominio web https:\/\/costa.bike es la entidad COSTA BIKE SC, con NIF: J09873142, y domicilio a estos efectos en Av. Espa\u00f1a 22, 29680 Estepona (M\u00e1laga), Espa\u00f1a. De ahora en adelante \u201cCOSTA BIKE\u201d.<\/p>\n\n\n\n<p>Correo electr\u00f3nico de contacto: rent@costa.bike<\/p>\n\n\n\n<h2 class=\"wp-block-heading\">OBJETO<\/h2>\n\n\n\n<p>Las presentes Condiciones Generales regulan el acceso y uso por parte de cualquier persona (\u201cUsuario\u201d) de las p\u00e1ginas que integran el dominio web http:\/\/costa.bike (\u201cp\u00e1gina web\u201d), titularidad de COSTA BIKE, as\u00ed como los contenidos y servicios que en ella se incluyen.<\/p>\n\n\n\n<p>El acceso a esta p\u00e1gina web o su uso por el Usuario implica necesariamente, y sin reservas, el sometimiento y aceptaci\u00f3n de las Condiciones Generales. Por tanto, se recomienda que el Usuario las lea detenidamente cada vez que quiera entrar en la p\u00e1gina web.<\/p>\n\n\n\n<p>COSTA BIKE se reserva la facultad de realizar, en cualquier momento y sin necesidad de preaviso alguno, cualquier modificaci\u00f3n o actualizaci\u00f3n de los contenidos y servicios, de las Condiciones Generales y, en general, de cuantos elementos integren el dise\u00f1o y configuraci\u00f3n de su p\u00e1gina web.<\/p>\n\n\n\n<h2 class=\"wp-block-heading\">CONDICIONES DE USO DE COSTA.BIKE. RESPONSABILIDAD DEL USUARIO<\/h2>\n\n\n\n<p>El Usuario accede a la p\u00e1gina web bajo su exclusiva responsabilidad. Los contenidos y servicios presentados a trav\u00e9s de la p\u00e1gina tienen como finalidad la difusi\u00f3n de informaci\u00f3n acerca de las actividades desarrolladas por COSTA BIKE. Los contenidos de la p\u00e1gina web no podr\u00e1n considerarse en ning\u00fan caso asesoramiento sobre ninguna cuesti\u00f3n.<\/p>\n\n\n\n<p>COSTA BIKE pondr\u00e1 los medios razonables a su disposici\u00f3n para que los contenidos y servicios incluidos en su p\u00e1gina web sean exactos y est\u00e9n actualizados. No obstante, COSTA BIKE no est\u00e1 en condiciones de poder garantizar esta circunstancia en todo momento. Dado que el Usuario puede descargar determinados contenidos de la p\u00e1gina web, COSTA BIKE dispone de la infraestructura necesaria para evitar da\u00f1os derivados de la existencia de virus inform\u00e1ticos. COSTA BIKE no se hace responsable de los potenciales da\u00f1os o errores que, debidos a la presencia de cualquier virus, pueda sufrir el sistema inform\u00e1tico (hardware o software) del Usuario cuando \u00e9ste acceda a la p\u00e1gina web o la utilice. Igualmente, COSTA BIKE informar\u00e1 al Usuario acerca de las especificaciones t\u00e9cnicas necesarias para proceder a la descarga de informaci\u00f3n y contenidos de su p\u00e1gina web. Se ruega al Usuario que preste atenci\u00f3n a estos mensajes de aviso ya que COSTA BIKE no se responsabiliza de los da\u00f1os y perjuicios que puedan sufrir los equipos inform\u00e1ticos del Usuario porque \u00e9ste haya usado de forma indebida o negligente la p\u00e1gina web.<\/p>\n\n\n\n<h2 class=\"wp-block-heading\">ENLACES<\/h2>\n\n\n\n<p>Todo enlace, hipertextual, profundo, framing, o cualquier otro tipo de conexi\u00f3n virtual a trav\u00e9s de redes de telecomunicaci\u00f3n desde cualquier sitio web o direcci\u00f3n URL (\u201cenlaces\u201d) a la p\u00e1gina web, deber\u00e1 ser autorizado previamente y por escrito por COSTA BIKE, debiendo establecerse el enlace en todo caso a su p\u00e1gina inicial.<\/p>\n\n\n\n<p>COSTA BIKE desea aclarar que los enlaces a p\u00e1ginas web de terceros que contenga la p\u00e1gina web tienen \u00fanicamente una finalidad orientativa, siendo su objeto el poner a disposici\u00f3n del Usuario otras fuentes de informaci\u00f3n que pudieran ser de su inter\u00e9s.<\/p>\n\n\n\n<p>Si cualquier Usuario o tercero observa que tales enlaces puedan ser contrarios a las leyes, la moral o el orden p\u00fablico, o que sean susceptibles de incitar a la violencia o a la discriminaci\u00f3n por razones sexuales, ideol\u00f3gicas, religiosas o raciales, lo ponga en nuestro conocimiento a trav\u00e9s de la direcci\u00f3n de rent@costa.bike.<\/p>\n\n\n\n<h2 class=\"wp-block-heading\">PROPIEDAD INTELECTUAL E INDUSTRIAL<\/h2>\n\n\n\n<p>Los derechos de propiedad intelectual e industrial sobre las obras, marcas, logos, signos distintivos, nombres comerciales y cualquier otro susceptible de protecci\u00f3n, contenidos en la p\u00e1gina web corresponden exclusivamente a COSTA BIKE (o a terceros autorizantes), a quien corresponde el ejercicio exclusivo de los derechos de explotaci\u00f3n de los mismos en cualquier forma y, en especial, con car\u00e1cter enunciativo y no limitativo, los derechos de reproducci\u00f3n, copia, distribuci\u00f3n, transformaci\u00f3n, comercializaci\u00f3n y comunicaci\u00f3n p\u00fablica.<\/p>\n\n\n\n<h2 class=\"wp-block-heading\">PROTECCI\u00d3N DE DATOS<\/h2>\n\n\n\n<p>COSTA BIKE cumple con las directrices de la Ley Org\u00e1nica 15\/1999 de 13 de diciembre de Protecci\u00f3n de Datos de Car\u00e1cter Personal, el Real Decreto 1720\/2007 de 21 de diciembre por el que se aprueba el Reglamento de desarrollo de la Ley Org\u00e1nica.<\/p>\n\n\n\n<p>El USUARIO podr\u00e1 ejercer sus derechos de Acceso, Rectificaci\u00f3n, Cancelaci\u00f3n y Oposici\u00f3n (\u201cDerechos ARCO\u201d) en los t\u00e9rminos legalmente previstos debiendo para ello dirigir una comunicaci\u00f3n mediante correo postal a domicilio sito en Av. Espa\u00f1a 22, 29680 Estepona (M\u00e1laga), Espa\u00f1a o enviando un mensaje de correo electr\u00f3nico a la siguiente direcci\u00f3n: rent@costa.bike indicando en ambos casos su nombre y apellido.<\/p>\n\n\n\n<h2 class=\"wp-block-heading\">LEY APLICABLE Y JURISDICCI\u00d3N<\/h2>\n\n\n\n<p>La relaci\u00f3n entre COSTA BIKE y el USUARIO se regir\u00e1 por la normativa espa\u00f1ola vigente y cualquier controversia se someter\u00e1 a los Juzgados y Tribunales espa\u00f1oles.<\/p>\n\n\n\n<p>Resoluci\u00f3n de litigios en l\u00ednea en materia de consumo conforme al Art. 14.1 del Reglamento (UE) 524\/2013: La Comisi\u00f3n Europea facilita una plataforma de resoluci\u00f3n de litigios en l\u00ednea que se encuentra disponible en el siguiente enlace: http:\/\/ec.europa.eu\/consumers\/odr\/.<\/p>\n\n\n\n<p><\/p>","protected":false},"excerpt":{"rendered":"<p>INFORMACI\u00d3N LEGAL En cumplimiento con el deber de informaci\u00f3n recogido en el art\u00edculo 10 de la Ley 34\/2002, de 11 de julio, de Servicios de la Sociedad de la Informaci\u00f3n y del Comercio Electr\u00f3nico, a continuaci\u00f3n se reflejan los siguientes datos: El titular del dominio web https:\/\/costa.bike es la entidad COSTA BIKE SC, con NIF: [&hellip;]<\/p>\n","protected":false},"author":2,"featured_media":0,"parent":0,"menu_order":0,"comment_status":"closed","ping_status":"closed","template":"","meta":{"_joinchat":[],"footnotes":""},"class_list":["post-1470","page","type-page","status-publish","hentry"],"_links":{"self":[{"href":"https:\/\/www.costa.bike\/en\/wp-json\/wp\/v2\/pages\/1470","targetHints":{"allow":["GET"]}}],"collection":[{"href":"https:\/\/www.costa.bike\/en\/wp-json\/wp\/v2\/pages"}],"about":[{"href":"https:\/\/www.costa.bike\/en\/wp-json\/wp\/v2\/types\/page"}],"author":[{"embeddable":true,"href":"https:\/\/www.costa.bike\/en\/wp-json\/wp\/v2\/users\/2"}],"replies":[{"embeddable":true,"href":"https:\/\/www.costa.bike\/en\/wp-json\/wp\/v2\/comments?post=1470"}],"version-history":[{"count":5,"href":"https:\/\/www.costa.bike\/en\/wp-json\/wp\/v2\/pages\/1470\/revisions"}],"predecessor-version":[{"id":1480,"href":"https:\/\/www.costa.bike\/en\/wp-json\/wp\/v2\/pages\/1470\/revisions\/1480"}],"wp:attachment":[{"href":"https:\/\/www.costa.bike\/en\/wp-json\/wp\/v2\/media?parent=1470"}],"curies":[{"name":"wp","href":"https:\/\/api.w.org\/{rel}","templated":true}]}}